{"id":1847,"date":"2023-12-08T00:19:03","date_gmt":"2023-12-08T00:19:03","guid":{"rendered":"https:\/\/memcenterprises.com\/?page_id=1847"},"modified":"2023-12-08T13:36:21","modified_gmt":"2023-12-08T13:36:21","slug":"gracias-por-inscribirse-al-webinar","status":"publish","type":"page","link":"https:\/\/memcenterprises.com\/es\/gracias-por-inscribirse-al-webinar\/","title":{"rendered":"Gracias por inscribirse al webinar"},"content":{"rendered":"<div data-elementor-type=\"wp-page\" data-elementor-id=\"1847\" class=\"elementor elementor-1847\" data-elementor-post-type=\"page\">\n\t\t\t\t\t\t<section data-particle_enable=\"false\" data-particle-mobile-disabled=\"false\" class=\"elementor-section elementor-top-section elementor-element elementor-element-53d5bd20 elementor-section-boxed elementor-section-height-default elementor-section-height-default\" data-id=\"53d5bd20\" data-element_type=\"section\" data-e-type=\"section\" data-settings=\"{&quot;background_background&quot;:&quot;classic&quot;}\">\n\t\t\t\t\t\t<div class=\"elementor-container elementor-column-gap-default\">\n\t\t\t\t\t<div class=\"elementor-column elementor-col-100 elementor-top-column elementor-element elementor-element-159ff2a\" data-id=\"159ff2a\" data-element_type=\"column\" data-e-type=\"column\">\n\t\t\t<div class=\"elementor-widget-wrap\">\n\t\t\t\t\t\t\t<\/div>\n\t\t<\/div>\n\t\t\t\t\t<\/div>\n\t\t<\/section>\n\t\t\t\t<section data-particle_enable=\"false\" data-particle-mobile-disabled=\"false\" class=\"elementor-section elementor-top-section elementor-element elementor-element-037ec43 elementor-section-boxed elementor-section-height-default elementor-section-height-default\" data-id=\"037ec43\" data-element_type=\"section\" data-e-type=\"section\">\n\t\t\t\t\t\t<div class=\"elementor-container elementor-column-gap-default\">\n\t\t\t\t\t<div class=\"elementor-column elementor-col-100 elementor-top-column elementor-element elementor-element-406a69e\" data-id=\"406a69e\" data-element_type=\"column\" data-e-type=\"column\" data-settings=\"{&quot;background_background&quot;:&quot;gradient&quot;}\">\n\t\t\t<div class=\"elementor-widget-wrap elementor-element-populated\">\n\t\t\t\t\t\t<div class=\"elementor-element elementor-element-68461b8 elementor-widget elementor-widget-spacer\" data-id=\"68461b8\" data-element_type=\"widget\" data-e-type=\"widget\" data-widget_type=\"spacer.default\">\n\t\t\t\t\t\t\t<div class=\"elementor-spacer\">\n\t\t\t<div class=\"elementor-spacer-inner\"><\/div>\n\t\t<\/div>\n\t\t\t\t\t\t<\/div>\n\t\t\t\t<div class=\"elementor-element elementor-element-5cbe88a elementor-widget elementor-widget-heading\" data-id=\"5cbe88a\" data-element_type=\"widget\" data-e-type=\"widget\" data-widget_type=\"heading.default\">\n\t\t\t\t\t<h1 class=\"elementor-heading-title elementor-size-default\">\u00a1FELICITACIONES POR TOMAR ACCI\u00d3N!<\/h1>\t\t\t\t<\/div>\n\t\t\t\t\t<\/div>\n\t\t<\/div>\n\t\t\t\t\t<\/div>\n\t\t<\/section>\n\t\t\t\t<section data-particle_enable=\"false\" data-particle-mobile-disabled=\"false\" class=\"elementor-section elementor-top-section elementor-element elementor-element-c990ab4 elementor-section-boxed elementor-section-height-default elementor-section-height-default\" data-id=\"c990ab4\" data-element_type=\"section\" data-e-type=\"section\">\n\t\t\t\t\t\t<div class=\"elementor-container elementor-column-gap-default\">\n\t\t\t\t\t<div class=\"elementor-column elementor-col-50 elementor-top-column elementor-element elementor-element-11493fc\" data-id=\"11493fc\" data-element_type=\"column\" data-e-type=\"column\">\n\t\t\t<div class=\"elementor-widget-wrap elementor-element-populated\">\n\t\t\t\t\t\t<div class=\"elementor-element elementor-element-08ec5b8 elementor-widget elementor-widget-text-editor\" data-id=\"08ec5b8\" data-element_type=\"widget\" data-e-type=\"widget\" data-widget_type=\"text-editor.default\">\n\t\t\t\t\t\t\t\t\t<p>\u00a1Enhorabuena! Has dado el primer paso para revolucionar tu negocio con el curso &#8220;\ud83d\udd25<strong> Descubre, Despierta, Decide: C\u00f3mo ChatGPT Puede Revolucionar Tu Negocio \u00a1Act\u00faa Ahora!&#8221;<\/strong>. Nuestro equipo de expertos se pondr\u00e1 en contacto contigo muy pronto para agendar tu Consultor\u00eda de Evaluaci\u00f3n Estrat\u00e9gico T\u00e9cnica.<\/p><p><strong>Revisa tu Correo:<\/strong><br \/>Hemos enviado un correo electr\u00f3nico a la direcci\u00f3n que proporcionaste. Por favor, revisa tu bandeja de entrada en unos minutos. Si no encuentras el correo, verifica tu carpeta de spam o promociones. Aseg\u00farate de agregar nuestra direcci\u00f3n <strong>(info@memcenterprises.com<\/strong>) a tu lista de contactos frecuentes.<\/p>\t\t\t\t\t\t\t\t<\/div>\n\t\t\t\t\t<\/div>\n\t\t<\/div>\n\t\t\t\t<div class=\"elementor-column elementor-col-50 elementor-top-column elementor-element elementor-element-527c60e\" data-id=\"527c60e\" data-element_type=\"column\" data-e-type=\"column\">\n\t\t\t<div class=\"elementor-widget-wrap elementor-element-populated\">\n\t\t\t\t\t\t<div class=\"elementor-element elementor-element-f31dbd3 elementor-widget elementor-widget-image\" data-id=\"f31dbd3\" data-element_type=\"widget\" data-e-type=\"widget\" data-widget_type=\"image.default\">\n\t\t\t\t\t\t\t\t\t\t\t\t\t\t\t<img fetchpriority=\"high\" decoding=\"async\" width=\"1024\" height=\"668\" src=\"https:\/\/memcenterprises.com\/wp-content\/uploads\/2023\/08\/vgjj-1024x668.png\" class=\"attachment-large size-large wp-image-1747\" alt=\"\" srcset=\"https:\/\/memcenterprises.com\/wp-content\/uploads\/2023\/08\/vgjj-1024x668.png 1024w, https:\/\/memcenterprises.com\/wp-content\/uploads\/2023\/08\/vgjj-300x196.png 300w, https:\/\/memcenterprises.com\/wp-content\/uploads\/2023\/08\/vgjj-768x501.png 768w, https:\/\/memcenterprises.com\/wp-content\/uploads\/2023\/08\/vgjj-1536x1002.png 1536w, https:\/\/memcenterprises.com\/wp-content\/uploads\/2023\/08\/vgjj-18x12.png 18w, https:\/\/memcenterprises.com\/wp-content\/uploads\/2023\/08\/vgjj-600x391.png 600w, https:\/\/memcenterprises.com\/wp-content\/uploads\/2023\/08\/vgjj.png 1890w\" sizes=\"(max-width: 1024px) 100vw, 1024px\" \/>\t\t\t\t\t\t\t\t\t\t\t\t\t\t\t<\/div>\n\t\t\t\t\t<\/div>\n\t\t<\/div>\n\t\t\t\t\t<\/div>\n\t\t<\/section>\n\t\t\t\t<section data-particle_enable=\"false\" data-particle-mobile-disabled=\"false\" class=\"elementor-section elementor-top-section elementor-element elementor-element-b412b43 elementor-section-boxed elementor-section-height-default elementor-section-height-default\" data-id=\"b412b43\" data-element_type=\"section\" data-e-type=\"section\">\n\t\t\t\t\t\t<div class=\"elementor-container elementor-column-gap-default\">\n\t\t\t\t\t<div class=\"elementor-column elementor-col-100 elementor-top-column elementor-element elementor-element-a60bf99\" data-id=\"a60bf99\" data-element_type=\"column\" data-e-type=\"column\">\n\t\t\t<div class=\"elementor-widget-wrap elementor-element-populated\">\n\t\t\t\t\t\t<div class=\"elementor-element elementor-element-5b490af elementor-countdown--label-block elementor-widget elementor-widget-countdown\" data-id=\"5b490af\" data-element_type=\"widget\" data-e-type=\"widget\" data-widget_type=\"countdown.default\">\n\t\t\t\t\t\t\t<div class=\"elementor-countdown-wrapper\" data-date=\"1702599600\">\n\t\t\t<div class=\"elementor-countdown-item\"><span class=\"elementor-countdown-digits elementor-countdown-days\"><\/span> <span class=\"elementor-countdown-label\" data-no-translation=\"\" data-trp-gettext=\"\">D\u00edas<\/span><\/div><div class=\"elementor-countdown-item\"><span class=\"elementor-countdown-digits elementor-countdown-hours\"><\/span> <span class=\"elementor-countdown-label\" data-no-translation=\"\" data-trp-gettext=\"\">Horas<\/span><\/div><div class=\"elementor-countdown-item\"><span class=\"elementor-countdown-digits elementor-countdown-minutes\"><\/span> <span class=\"elementor-countdown-label\" data-no-translation=\"\" data-trp-gettext=\"\">Minutos<\/span><\/div><div class=\"elementor-countdown-item\"><span class=\"elementor-countdown-digits elementor-countdown-seconds\"><\/span> <span class=\"elementor-countdown-label\" data-no-translation=\"\" data-trp-gettext=\"\">Segundos<\/span><\/div>\t\t<\/div>\n\t\t\t\t\t\t<\/div>\n\t\t\t\t\t<\/div>\n\t\t<\/div>\n\t\t\t\t\t<\/div>\n\t\t<\/section>\n\t\t\t\t<\/div>","protected":false},"excerpt":{"rendered":"<p>\u00a1FELICITACIONES POR TOMAR ACCI\u00d3N! \u00a1Enhorabuena! Has dado el primer paso para revolucionar tu negocio con el curso &#8220;\ud83d\udd25 Descubre, Despierta, Decide: C\u00f3mo ChatGPT Puede Revolucionar Tu Negocio \u00a1Act\u00faa Ahora!&#8221;. Nuestro equipo de expertos se pondr\u00e1 en contacto contigo muy pronto para agendar tu Consultor\u00eda de Evaluaci\u00f3n Estrat\u00e9gico T\u00e9cnica. Revisa tu Correo:Hemos enviado un correo electr\u00f3nico [&hellip;]<\/p>\n","protected":false},"author":3,"featured_media":1249,"parent":0,"menu_order":0,"comment_status":"closed","ping_status":"closed","template":"elementor_canvas","meta":{"_eb_attr":"","site-sidebar-layout":"no-sidebar","site-content-layout":"page-builder","ast-site-content-layout":"default","site-content-style":"default","site-sidebar-style":"default","ast-global-header-display":"","ast-banner-title-visibility":"","ast-main-header-display":"","ast-hfb-above-header-display":"","ast-hfb-below-header-display":"","ast-hfb-mobile-header-display":"","site-post-title":"disabled","ast-breadcrumbs-content":"","ast-featured-img":"disabled","footer-sml-layout":"","ast-disable-related-posts":"","theme-transparent-header-meta":"","adv-header-id-meta":"","stick-header-meta":"","header-above-stick-meta":"","header-main-stick-meta":"","header-below-stick-meta":"","astra-migrate-meta-layouts":"default","ast-page-background-enabled":"default","ast-page-background-meta":{"desktop":{"background-color":"var(--ast-global-color-4)","background-image":"","background-repeat":"repeat","background-position":"center center","background-size":"auto","background-attachment":"scroll","background-type":"","background-media":"","overlay-type":"","overlay-color":"","overlay-opacity":"","overlay-gradient":""},"tablet":{"background-color":"","background-image":"","background-repeat":"repeat","background-position":"center center","background-size":"auto","background-attachment":"scroll","background-type":"","background-media":"","overlay-type":"","overlay-color":"","overlay-opacity":"","overlay-gradient":""},"mobile":{"background-color":"","background-image":"","background-repeat":"repeat","background-position":"center center","background-size":"auto","background-attachment":"scroll","background-type":"","background-media":"","overlay-type":"","overlay-color":"","overlay-opacity":"","overlay-gradient":""}},"ast-content-background-meta":{"desktop":{"background-color":"var(--ast-global-color-5)","background-image":"","background-repeat":"repeat","background-position":"center center","background-size":"auto","background-attachment":"scroll","background-type":"","background-media":"","overlay-type":"","overlay-color":"","overlay-opacity":"","overlay-gradient":""},"tablet":{"background-color":"var(--ast-global-color-5)","background-image":"","background-repeat":"repeat","background-position":"center center","background-size":"auto","background-attachment":"scroll","background-type":"","background-media":"","overlay-type":"","overlay-color":"","overlay-opacity":"","overlay-gradient":""},"mobile":{"background-color":"var(--ast-global-color-5)","background-image":"","background-repeat":"repeat","background-position":"center center","background-size":"auto","background-attachment":"scroll","background-type":"","background-media":"","overlay-type":"","overlay-color":"","overlay-opacity":"","overlay-gradient":""}},"footnotes":""},"folder":[63],"class_list":["post-1847","page","type-page","status-publish","has-post-thumbnail","hentry"],"_links":{"self":[{"href":"https:\/\/memcenterprises.com\/es\/wp-json\/wp\/v2\/pages\/1847","targetHints":{"allow":["GET"]}}],"collection":[{"href":"https:\/\/memcenterprises.com\/es\/wp-json\/wp\/v2\/pages"}],"about":[{"href":"https:\/\/memcenterprises.com\/es\/wp-json\/wp\/v2\/types\/page"}],"author":[{"embeddable":true,"href":"https:\/\/memcenterprises.com\/es\/wp-json\/wp\/v2\/users\/3"}],"replies":[{"embeddable":true,"href":"https:\/\/memcenterprises.com\/es\/wp-json\/wp\/v2\/comments?post=1847"}],"version-history":[{"count":6,"href":"https:\/\/memcenterprises.com\/es\/wp-json\/wp\/v2\/pages\/1847\/revisions"}],"predecessor-version":[{"id":1856,"href":"https:\/\/memcenterprises.com\/es\/wp-json\/wp\/v2\/pages\/1847\/revisions\/1856"}],"wp:featuredmedia":[{"embeddable":true,"href":"https:\/\/memcenterprises.com\/es\/wp-json\/wp\/v2\/media\/1249"}],"wp:attachment":[{"href":"https:\/\/memcenterprises.com\/es\/wp-json\/wp\/v2\/media?parent=1847"}],"wp:term":[{"taxonomy":"folder","embeddable":true,"href":"https:\/\/memcenterprises.com\/es\/wp-json\/wp\/v2\/folder?post=1847"}],"curies":[{"name":"wp","href":"https:\/\/api.w.org\/{rel}","templated":true}]}}